{"id":195,"date":"2024-07-29T22:04:34","date_gmt":"2024-07-29T20:04:34","guid":{"rendered":"https:\/\/agora-dodes.fr\/?page_id=195"},"modified":"2025-11-26T18:28:52","modified_gmt":"2025-11-26T17:28:52","slug":"contact","status":"publish","type":"page","link":"https:\/\/agora-dodes.fr\/contact\/","title":{"rendered":"Contact"},"content":{"rendered":"<p>[et_pb_section fb_built=\u00a0\u00bb1&Prime; _builder_version=\u00a0\u00bb4.27.0&Prime; _module_preset=\u00a0\u00bbdefault\u00a0\u00bb background_color=\u00a0\u00bbRGBA(255,255,255,0)\u00a0\u00bb global_colors_info=\u00a0\u00bb{}\u00a0\u00bb][et_pb_row _builder_version=\u00a0\u00bb4.27.0&Prime; _module_preset=\u00a0\u00bbdefault\u00a0\u00bb global_colors_info=\u00a0\u00bb{}\u00a0\u00bb][et_pb_column type=\u00a0\u00bb4_4&Prime; _builder_version=\u00a0\u00bb4.27.0&Prime; _module_preset=\u00a0\u00bbdefault\u00a0\u00bb global_colors_info=\u00a0\u00bb{}\u00a0\u00bb][et_pb_code _builder_version=\u00a0\u00bb4.27.0&Prime; _module_preset=\u00a0\u00bbdefault\u00a0\u00bb hover_enabled=\u00a0\u00bb0&Prime; sticky_enabled=\u00a0\u00bb0&Prime;][\/et_pb_code][et_pb_text _builder_version=\u00a0\u00bb4.27.0&Prime; _module_preset=\u00a0\u00bbdefault\u00a0\u00bb global_colors_info=\u00a0\u00bb{}\u00a0\u00bb]<\/p>\n<h1>Nous contacter<\/h1>\n<p>[\/et_pb_text][et_pb_contact_form email=\u00a0\u00bbgombertcorentin.gc@gmail.com\u00a0\u00bb success_message=\u00a0\u00bbVotre message a bien \u00e9t\u00e9 transmis\u00a0\u00bb submit_button_text=\u00a0\u00bbEnvoyer\u00a0\u00bb _builder_version=\u00a0\u00bb4.27.0&Prime; _module_preset=\u00a0\u00bbdefault\u00a0\u00bb _unique_id=\u00a0\u00bb8a9cc04f-7934-4967-a3d1-47b0707e7c3c\u00a0\u00bb form_field_background_color=\u00a0\u00bbrgba(25,93,57,0.27)\u00a0\u00bb form_field_text_color=\u00a0\u00bb#000000&Prime; form_field_focus_background_color=\u00a0\u00bb#195D39&Prime; form_field_focus_text_color=\u00a0\u00bb#FFFFFF\u00a0\u00bb form_field_custom_margin=\u00a0\u00bb30px||30px||false|false\u00a0\u00bb form_field_custom_padding=\u00a0\u00bb|10px||10px|false|false\u00a0\u00bb form_field_font_size=\u00a0\u00bb16px\u00a0\u00bb border_radii=\u00a0\u00bbon|5px|5px|5px|5px\u00a0\u00bb global_colors_info=\u00a0\u00bb{}\u00a0\u00bb][et_pb_contact_field field_id=\u00a0\u00bbName\u00a0\u00bb field_title=\u00a0\u00bbNom *\u00a0\u00bb _builder_version=\u00a0\u00bb4.27.0&Prime; global_colors_info=\u00a0\u00bb{}\u00a0\u00bb button_text_size__hover_enabled=\u00a0\u00bboff\u00a0\u00bb button_one_text_size__hover_enabled=\u00a0\u00bboff\u00a0\u00bb button_two_text_size__hover_enabled=\u00a0\u00bboff\u00a0\u00bb button_text_color__hover_enabled=\u00a0\u00bboff\u00a0\u00bb button_one_text_color__hover_enabled=\u00a0\u00bboff\u00a0\u00bb button_two_text_color__hover_enabled=\u00a0\u00bboff\u00a0\u00bb button_border_width__hover_enabled=\u00a0\u00bboff\u00a0\u00bb button_one_border_width__hover_enabled=\u00a0\u00bboff\u00a0\u00bb button_two_border_width__hover_enabled=\u00a0\u00bboff\u00a0\u00bb button_border_color__hover_enabled=\u00a0\u00bboff\u00a0\u00bb button_one_border_color__hover_enabled=\u00a0\u00bboff\u00a0\u00bb button_two_border_color__hover_enabled=\u00a0\u00bboff\u00a0\u00bb button_border_radius__hover_enabled=\u00a0\u00bboff\u00a0\u00bb button_one_border_radius__hover_enabled=\u00a0\u00bboff\u00a0\u00bb button_two_border_radius__hover_enabled=\u00a0\u00bboff\u00a0\u00bb button_letter_spacing__hover_enabled=\u00a0\u00bboff\u00a0\u00bb button_one_letter_spacing__hover_enabled=\u00a0\u00bboff\u00a0\u00bb button_two_letter_spacing__hover_enabled=\u00a0\u00bboff\u00a0\u00bb button_bg_color__hover_enabled=\u00a0\u00bboff\u00a0\u00bb button_one_bg_color__hover_enabled=\u00a0\u00bboff\u00a0\u00bb button_two_bg_color__hover_enabled=\u00a0\u00bboff\u00a0\u00bb][\/et_pb_contact_field][et_pb_contact_field field_id=\u00a0\u00bbOrganisation\u00a0\u00bb field_title=\u00a0\u00bbOrganisation\u00a0\u00bb required_mark=\u00a0\u00bboff\u00a0\u00bb _builder_version=\u00a0\u00bb4.27.0&Prime; _module_preset=\u00a0\u00bbdefault\u00a0\u00bb global_colors_info=\u00a0\u00bb{}\u00a0\u00bb][\/et_pb_contact_field][et_pb_contact_field field_id=\u00a0\u00bbEmail\u00a0\u00bb field_title=\u00a0\u00bbAdresse courriel *\u00a0\u00bb field_type=\u00a0\u00bbemail\u00a0\u00bb _builder_version=\u00a0\u00bb4.27.0&Prime; global_colors_info=\u00a0\u00bb{}\u00a0\u00bb button_text_size__hover_enabled=\u00a0\u00bboff\u00a0\u00bb button_one_text_size__hover_enabled=\u00a0\u00bboff\u00a0\u00bb button_two_text_size__hover_enabled=\u00a0\u00bboff\u00a0\u00bb button_text_color__hover_enabled=\u00a0\u00bboff\u00a0\u00bb button_one_text_color__hover_enabled=\u00a0\u00bboff\u00a0\u00bb button_two_text_color__hover_enabled=\u00a0\u00bboff\u00a0\u00bb button_border_width__hover_enabled=\u00a0\u00bboff\u00a0\u00bb button_one_border_width__hover_enabled=\u00a0\u00bboff\u00a0\u00bb button_two_border_width__hover_enabled=\u00a0\u00bboff\u00a0\u00bb button_border_color__hover_enabled=\u00a0\u00bboff\u00a0\u00bb button_one_border_color__hover_enabled=\u00a0\u00bboff\u00a0\u00bb button_two_border_color__hover_enabled=\u00a0\u00bboff\u00a0\u00bb button_border_radius__hover_enabled=\u00a0\u00bboff\u00a0\u00bb button_one_border_radius__hover_enabled=\u00a0\u00bboff\u00a0\u00bb button_two_border_radius__hover_enabled=\u00a0\u00bboff\u00a0\u00bb button_letter_spacing__hover_enabled=\u00a0\u00bboff\u00a0\u00bb button_one_letter_spacing__hover_enabled=\u00a0\u00bboff\u00a0\u00bb button_two_letter_spacing__hover_enabled=\u00a0\u00bboff\u00a0\u00bb button_bg_color__hover_enabled=\u00a0\u00bboff\u00a0\u00bb button_one_bg_color__hover_enabled=\u00a0\u00bboff\u00a0\u00bb button_two_bg_color__hover_enabled=\u00a0\u00bboff\u00a0\u00bb][\/et_pb_contact_field][et_pb_contact_field field_id=\u00a0\u00bbTelephone\u00a0\u00bb field_title=\u00a0\u00bbT\u00e9l\u00e9phone\u00a0\u00bb required_mark=\u00a0\u00bboff\u00a0\u00bb _builder_version=\u00a0\u00bb4.27.0&Prime; _module_preset=\u00a0\u00bbdefault\u00a0\u00bb global_colors_info=\u00a0\u00bb{}\u00a0\u00bb][\/et_pb_contact_field][et_pb_contact_field field_id=\u00a0\u00bbObjet\u00a0\u00bb field_title=\u00a0\u00bbObjet *\u00a0\u00bb field_type=\u00a0\u00bbselect\u00a0\u00bb select_options=\u00a0\u00bb%91{%22value%22:%22Devenir partenaire%22,%22checked%22:0,%22dragID%22:0},{%22dragID%22:1,%22value%22:%22Organiser \/ accueillir un \u00e9v\u00e8nement%22,%22checked%22:0},{%22dragID%22:2,%22value%22:%22Presse \/ m\u00e9dia%22,%22checked%22:0},{%22dragID%22:3,%22value%22:%22Etre accompagn\u00e9%22,%22checked%22:0},{%22dragID%22:4,%22value%22:%22Etre inform\u00e9%22,%22checked%22:0},{%22dragID%22:5,%22value%22:%22Autre%22,%22checked%22:0}%93&Prime; fullwidth_field=\u00a0\u00bbon\u00a0\u00bb _builder_version=\u00a0\u00bb4.27.0&Prime; _module_preset=\u00a0\u00bbdefault\u00a0\u00bb global_colors_info=\u00a0\u00bb{}\u00a0\u00bb][\/et_pb_contact_field][et_pb_contact_field field_id=\u00a0\u00bbMessage\u00a0\u00bb field_title=\u00a0\u00bbMessage *\u00a0\u00bb field_type=\u00a0\u00bbtext\u00a0\u00bb fullwidth_field=\u00a0\u00bbon\u00a0\u00bb _builder_version=\u00a0\u00bb4.27.0&Prime; global_colors_info=\u00a0\u00bb{}\u00a0\u00bb button_text_size__hover_enabled=\u00a0\u00bboff\u00a0\u00bb button_one_text_size__hover_enabled=\u00a0\u00bboff\u00a0\u00bb button_two_text_size__hover_enabled=\u00a0\u00bboff\u00a0\u00bb button_text_color__hover_enabled=\u00a0\u00bboff\u00a0\u00bb button_one_text_color__hover_enabled=\u00a0\u00bboff\u00a0\u00bb button_two_text_color__hover_enabled=\u00a0\u00bboff\u00a0\u00bb button_border_width__hover_enabled=\u00a0\u00bboff\u00a0\u00bb button_one_border_width__hover_enabled=\u00a0\u00bboff\u00a0\u00bb button_two_border_width__hover_enabled=\u00a0\u00bboff\u00a0\u00bb button_border_color__hover_enabled=\u00a0\u00bboff\u00a0\u00bb button_one_border_color__hover_enabled=\u00a0\u00bboff\u00a0\u00bb button_two_border_color__hover_enabled=\u00a0\u00bboff\u00a0\u00bb button_border_radius__hover_enabled=\u00a0\u00bboff\u00a0\u00bb button_one_border_radius__hover_enabled=\u00a0\u00bboff\u00a0\u00bb button_two_border_radius__hover_enabled=\u00a0\u00bboff\u00a0\u00bb button_letter_spacing__hover_enabled=\u00a0\u00bboff\u00a0\u00bb button_one_letter_spacing__hover_enabled=\u00a0\u00bboff\u00a0\u00bb button_two_letter_spacing__hover_enabled=\u00a0\u00bboff\u00a0\u00bb button_bg_color__hover_enabled=\u00a0\u00bboff\u00a0\u00bb button_one_bg_color__hover_enabled=\u00a0\u00bboff\u00a0\u00bb button_two_bg_color__hover_enabled=\u00a0\u00bboff\u00a0\u00bb][\/et_pb_contact_field][\/et_pb_contact_form][et_pb_social_media_follow icon_color=\u00a0\u00bb#FFFFFF\u00a0\u00bb use_icon_font_size=\u00a0\u00bbon\u00a0\u00bb icon_font_size=\u00a0\u00bb31px\u00a0\u00bb _builder_version=\u00a0\u00bb4.27.0&Prime; _module_preset=\u00a0\u00bbdefault\u00a0\u00bb text_orientation=\u00a0\u00bbcenter\u00a0\u00bb global_colors_info=\u00a0\u00bb{}\u00a0\u00bb][et_pb_social_media_follow_network social_network=\u00a0\u00bblinkedin\u00a0\u00bb url=\u00a0\u00bbhttps:\/\/www.linkedin.com\/company\/agora-dodes\/\u00a0\u00bb _builder_version=\u00a0\u00bb4.27.0&Prime; _module_preset=\u00a0\u00bbdefault\u00a0\u00bb background_color=\u00a0\u00bb#007bb6&Prime; global_colors_info=\u00a0\u00bb{}\u00a0\u00bb follow_button=\u00a0\u00bboff\u00a0\u00bb url_new_window=\u00a0\u00bbon\u00a0\u00bb]linkedin[\/et_pb_social_media_follow_network][et_pb_social_media_follow_network social_network=\u00a0\u00bbyoutube\u00a0\u00bb url=\u00a0\u00bbhttps:\/\/youtube.com\/playlist?list=PLYqohwfGn_yEoDrYAfCoRyM3GyAOtXJu2&#038;si=NIWWtvRp2leN-DI3&Prime; _builder_version=\u00a0\u00bb4.27.0&Prime; _module_preset=\u00a0\u00bbdefault\u00a0\u00bb background_color=\u00a0\u00bb#a82400&Prime; global_colors_info=\u00a0\u00bb{}\u00a0\u00bb follow_button=\u00a0\u00bboff\u00a0\u00bb url_new_window=\u00a0\u00bbon\u00a0\u00bb]youtube[\/et_pb_social_media_follow_network][\/et_pb_social_media_follow][et_pb_cta title=\u00a0\u00bbNewsletter de l&rsquo;Agora D.O.D.E.S.\u00a0\u00bb button_url=\u00a0\u00bbhttps:\/\/36a3b11f.sibforms.com\/serve\/MUIFAPYKGbKmEgZZOAKhXJWPwERjqoGPSHAdPO1tspOe951vVyrfyAq_zPjLsrttoso3s-wy1Q7PD14zRsbEmgH5EkhjgnBK0nHE2UxVkpMVHBjMBRsAy8-d_3hqSesjgNF6Zb_OmWO8XDF_Et3cevZlyRCW6ABRCUW3plHK49Ipx6OpJ5VUysETGA1bYsPx8yIApfYR65pVT2Qe\u00a0\u00bb button_text=\u00a0\u00bbJe m&rsquo;abonne\u00a0\u00bb _builder_version=\u00a0\u00bb4.27.0&Prime; _module_preset=\u00a0\u00bbdefault\u00a0\u00bb background_color=\u00a0\u00bbrgba(25,93,57,0.27)\u00a0\u00bb background_layout=\u00a0\u00bblight\u00a0\u00bb hover_enabled=\u00a0\u00bb0&Prime; border_radii=\u00a0\u00bbon|5px|5px|5px|5px\u00a0\u00bb global_colors_info=\u00a0\u00bb{}\u00a0\u00bb background__hover_enabled=\u00a0\u00bbon|hover\u00a0\u00bb background_color__hover=\u00a0\u00bb#195D39&Prime; background_enable_color__hover=\u00a0\u00bbon\u00a0\u00bb background_layout__hover_enabled=\u00a0\u00bbon|hover\u00a0\u00bb background_layout__hover=\u00a0\u00bbdark\u00a0\u00bb header_text_color__hover_enabled=\u00a0\u00bbon|hover\u00a0\u00bb header_text_color__hover=\u00a0\u00bb#FFFFFF\u00a0\u00bb disabled_on=\u00a0\u00bbon|on|on\u00a0\u00bb disabled=\u00a0\u00bbon\u00a0\u00bb sticky_enabled=\u00a0\u00bb0&Prime;][\/et_pb_cta][\/et_pb_column][\/et_pb_row][\/et_pb_section]<\/p>\n","protected":false},"excerpt":{"rendered":"<p>Nous contacter<\/p>\n","protected":false},"author":1,"featured_media":0,"parent":0,"menu_order":0,"comment_status":"closed","ping_status":"closed","template":"","meta":{"_acf_changed":false,"_et_pb_use_builder":"on","_et_pb_old_content":"","_et_gb_content_width":"","_monsterinsights_skip_tracking":false,"_monsterinsights_sitenote_active":false,"_monsterinsights_sitenote_note":"","_monsterinsights_sitenote_category":0,"_uf_show_specific_survey":0,"_uf_disable_surveys":false,"_price":"","_stock":"","_tribe_ticket_header":"","_tribe_default_ticket_provider":"","_tribe_ticket_capacity":"0","_ticket_start_date":"","_ticket_end_date":"","_tribe_ticket_show_description":"","_tribe_ticket_show_not_going":false,"_tribe_ticket_use_global_stock":"","_tribe_ticket_global_stock_level":"","_global_stock_mode":"","_global_stock_cap":"","_tribe_rsvp_for_event":"","_tribe_ticket_going_count":"","_tribe_ticket_not_going_count":"","_tribe_tickets_list":"[]","_tribe_ticket_has_attendee_info_fields":false,"footnotes":""},"dipi_cpt_category":[],"class_list":["post-195","page","type-page","status-publish","hentry"],"acf":[],"aioseo_notices":[],"yoast_head":"<!-- This site is optimized with the Yoast SEO plugin v23.2 - https:\/\/yoast.com\/wordpress\/plugins\/seo\/ -->\n<title>Contact - Agora D.O.D.E.S.<\/title>\n<meta name=\"robots\" content=\"index, follow, max-snippet:-1, max-image-preview:large, max-video-preview:-1\" \/>\n<link rel=\"canonical\" href=\"https:\/\/agora-dodes.fr\/contact\/\" \/>\n<meta property=\"og:locale\" content=\"fr_FR\" \/>\n<meta property=\"og:type\" content=\"article\" \/>\n<meta property=\"og:title\" content=\"Contact - Agora D.O.D.E.S.\" \/>\n<meta property=\"og:description\" content=\"Nous contacter\" \/>\n<meta property=\"og:url\" content=\"https:\/\/agora-dodes.fr\/contact\/\" \/>\n<meta property=\"og:site_name\" content=\"Agora D.O.D.E.S.\" \/>\n<meta property=\"article:modified_time\" content=\"2025-11-26T17:28:52+00:00\" \/>\n<meta name=\"twitter:card\" content=\"summary_large_image\" \/>\n<meta name=\"twitter:label1\" content=\"Dur\u00e9e de lecture estim\u00e9e\" \/>\n\t<meta name=\"twitter:data1\" content=\"1 minute\" \/>\n<script type=\"application\/ld+json\" class=\"yoast-schema-graph\">{\"@context\":\"https:\/\/schema.org\",\"@graph\":[{\"@type\":\"WebPage\",\"@id\":\"https:\/\/agora-dodes.fr\/contact\/\",\"url\":\"https:\/\/agora-dodes.fr\/contact\/\",\"name\":\"Contact - Agora D.O.D.E.S.\",\"isPartOf\":{\"@id\":\"https:\/\/agora-dodes.fr\/#website\"},\"datePublished\":\"2024-07-29T20:04:34+00:00\",\"dateModified\":\"2025-11-26T17:28:52+00:00\",\"breadcrumb\":{\"@id\":\"https:\/\/agora-dodes.fr\/contact\/#breadcrumb\"},\"inLanguage\":\"fr-FR\",\"potentialAction\":[{\"@type\":\"ReadAction\",\"target\":[\"https:\/\/agora-dodes.fr\/contact\/\"]}]},{\"@type\":\"BreadcrumbList\",\"@id\":\"https:\/\/agora-dodes.fr\/contact\/#breadcrumb\",\"itemListElement\":[{\"@type\":\"ListItem\",\"position\":1,\"name\":\"Accueil\",\"item\":\"https:\/\/agora-dodes.fr\/\"},{\"@type\":\"ListItem\",\"position\":2,\"name\":\"Contact\"}]},{\"@type\":\"WebSite\",\"@id\":\"https:\/\/agora-dodes.fr\/#website\",\"url\":\"https:\/\/agora-dodes.fr\/\",\"name\":\"Agora D.O.D.E.S.\",\"description\":\"Dynamiques et Organisations de la D\u00e9mocratie Economique et Sociale\",\"publisher\":{\"@id\":\"https:\/\/agora-dodes.fr\/#organization\"},\"potentialAction\":[{\"@type\":\"SearchAction\",\"target\":{\"@type\":\"EntryPoint\",\"urlTemplate\":\"https:\/\/agora-dodes.fr\/?s={search_term_string}\"},\"query-input\":\"required name=search_term_string\"}],\"inLanguage\":\"fr-FR\"},{\"@type\":\"Organization\",\"@id\":\"https:\/\/agora-dodes.fr\/#organization\",\"name\":\"Agora D.O.D.E.S.\",\"url\":\"https:\/\/agora-dodes.fr\/\",\"logo\":{\"@type\":\"ImageObject\",\"inLanguage\":\"fr-FR\",\"@id\":\"https:\/\/agora-dodes.fr\/#\/schema\/logo\/image\/\",\"url\":\"https:\/\/agora-dodes.fr\/wp-content\/uploads\/2024\/07\/AGORA-DODES-Logo-1.png\",\"contentUrl\":\"https:\/\/agora-dodes.fr\/wp-content\/uploads\/2024\/07\/AGORA-DODES-Logo-1.png\",\"width\":1500,\"height\":1500,\"caption\":\"Agora D.O.D.E.S.\"},\"image\":{\"@id\":\"https:\/\/agora-dodes.fr\/#\/schema\/logo\/image\/\"},\"sameAs\":[\"https:\/\/www.linkedin.com\/company\/agora-dodes\"]}]}<\/script>\n<!-- \/ Yoast SEO plugin. -->","yoast_head_json":{"title":"Contact - Agora D.O.D.E.S.","robots":{"index":"index","follow":"follow","max-snippet":"max-snippet:-1","max-image-preview":"max-image-preview:large","max-video-preview":"max-video-preview:-1"},"canonical":"https:\/\/agora-dodes.fr\/contact\/","og_locale":"fr_FR","og_type":"article","og_title":"Contact - Agora D.O.D.E.S.","og_description":"Nous contacter","og_url":"https:\/\/agora-dodes.fr\/contact\/","og_site_name":"Agora D.O.D.E.S.","article_modified_time":"2025-11-26T17:28:52+00:00","twitter_card":"summary_large_image","twitter_misc":{"Dur\u00e9e de lecture estim\u00e9e":"1 minute"},"schema":{"@context":"https:\/\/schema.org","@graph":[{"@type":"WebPage","@id":"https:\/\/agora-dodes.fr\/contact\/","url":"https:\/\/agora-dodes.fr\/contact\/","name":"Contact - Agora D.O.D.E.S.","isPartOf":{"@id":"https:\/\/agora-dodes.fr\/#website"},"datePublished":"2024-07-29T20:04:34+00:00","dateModified":"2025-11-26T17:28:52+00:00","breadcrumb":{"@id":"https:\/\/agora-dodes.fr\/contact\/#breadcrumb"},"inLanguage":"fr-FR","potentialAction":[{"@type":"ReadAction","target":["https:\/\/agora-dodes.fr\/contact\/"]}]},{"@type":"BreadcrumbList","@id":"https:\/\/agora-dodes.fr\/contact\/#breadcrumb","itemListElement":[{"@type":"ListItem","position":1,"name":"Accueil","item":"https:\/\/agora-dodes.fr\/"},{"@type":"ListItem","position":2,"name":"Contact"}]},{"@type":"WebSite","@id":"https:\/\/agora-dodes.fr\/#website","url":"https:\/\/agora-dodes.fr\/","name":"Agora D.O.D.E.S.","description":"Dynamiques et Organisations de la D\u00e9mocratie Economique et Sociale","publisher":{"@id":"https:\/\/agora-dodes.fr\/#organization"},"potentialAction":[{"@type":"SearchAction","target":{"@type":"EntryPoint","urlTemplate":"https:\/\/agora-dodes.fr\/?s={search_term_string}"},"query-input":"required name=search_term_string"}],"inLanguage":"fr-FR"},{"@type":"Organization","@id":"https:\/\/agora-dodes.fr\/#organization","name":"Agora D.O.D.E.S.","url":"https:\/\/agora-dodes.fr\/","logo":{"@type":"ImageObject","inLanguage":"fr-FR","@id":"https:\/\/agora-dodes.fr\/#\/schema\/logo\/image\/","url":"https:\/\/agora-dodes.fr\/wp-content\/uploads\/2024\/07\/AGORA-DODES-Logo-1.png","contentUrl":"https:\/\/agora-dodes.fr\/wp-content\/uploads\/2024\/07\/AGORA-DODES-Logo-1.png","width":1500,"height":1500,"caption":"Agora D.O.D.E.S."},"image":{"@id":"https:\/\/agora-dodes.fr\/#\/schema\/logo\/image\/"},"sameAs":["https:\/\/www.linkedin.com\/company\/agora-dodes"]}]}},"ticketed":false,"_links":{"self":[{"href":"https:\/\/agora-dodes.fr\/wp-json\/wp\/v2\/pages\/195","targetHints":{"allow":["GET"]}}],"collection":[{"href":"https:\/\/agora-dodes.fr\/wp-json\/wp\/v2\/pages"}],"about":[{"href":"https:\/\/agora-dodes.fr\/wp-json\/wp\/v2\/types\/page"}],"author":[{"embeddable":true,"href":"https:\/\/agora-dodes.fr\/wp-json\/wp\/v2\/users\/1"}],"replies":[{"embeddable":true,"href":"https:\/\/agora-dodes.fr\/wp-json\/wp\/v2\/comments?post=195"}],"version-history":[{"count":11,"href":"https:\/\/agora-dodes.fr\/wp-json\/wp\/v2\/pages\/195\/revisions"}],"predecessor-version":[{"id":2160,"href":"https:\/\/agora-dodes.fr\/wp-json\/wp\/v2\/pages\/195\/revisions\/2160"}],"wp:attachment":[{"href":"https:\/\/agora-dodes.fr\/wp-json\/wp\/v2\/media?parent=195"}],"wp:term":[{"taxonomy":"dipi_cpt_category","embeddable":true,"href":"https:\/\/agora-dodes.fr\/wp-json\/wp\/v2\/dipi_cpt_category?post=195"}],"curies":[{"name":"wp","href":"https:\/\/api.w.org\/{rel}","templated":true}]}}